{"id":12,"date":"2025-06-03T06:01:00","date_gmt":"2025-06-03T06:01:00","guid":{"rendered":"https:\/\/planet1009.net\/web\/?page_id=12"},"modified":"2025-06-03T06:01:00","modified_gmt":"2025-06-03T06:01:00","slug":"privacy-policy","status":"publish","type":"page","link":"https:\/\/planet1009.net\/web\/privacy-policy\/","title":{"rendered":"privacy-policy"},"content":{"rendered":"Nuestra pol\u00edtica de privacidad se aplica al uso de las aplicaciones inform\u00e1ticas de los siguientes medios de comunicaci\u00f3n:\u00a0<strong>PLANET1009<\/strong> para dispositivos m\u00f3viles Android, iOs y Huawei, y es administrado por <strong>PLANET1009<\/strong>.\r\n\r\n<!-- \/wp:post-content --><!-- wp:paragraph -->\r\n\r\nNuestra pol\u00edtica de privacidad incluye las condiciones de uso de las aplicaciones. La utilizaci\u00f3n de estas implica su aceptaci\u00f3n y sin reservas a todas y cada una de las disposiciones incluidas en estas. En caso de no aceptar dichas disposiciones no debe utilizar las aplicaciones antes mencionadas.\r\n\r\n<!-- \/wp:paragraph --><!-- wp:paragraph -->\r\n\r\nNos reservamos el derecho a modificar, total o parcialmente esta Pol\u00edtica de Privacidad. Se aconseja que consulte esta Pol\u00edtica de Privacidad peri\u00f3dicamente para cualquier cambio, ya que el uso continuado ser\u00e1 considerado como la aprobaci\u00f3n de todos los cambios.\r\n\r\n<!-- \/wp:paragraph --><!-- wp:paragraph -->\r\n\r\n<strong>1. informaci\u00f3n que se obtiene la aplicaci\u00f3n y su utilizaci\u00f3n<\/strong>\r\n\r\n&nbsp;\r\n\r\n<!-- \/wp:paragraph --><!-- wp:list {\"ordered\":true,\"type\":\"lower-alpha\"} -->\r\n<ol class=\"wp-block-list\" style=\"list-style-type: lower-alpha;\"><!-- wp:list-item --><\/ol>\r\n<!-- \/wp:list-item --><!-- wp:list -->\r\n<ul class=\"wp-block-list\"><!-- wp:list-item -->\r\n \t<li><strong>Protecci\u00f3n de datos personales<\/strong><\/li>\r\n<!-- \/wp:list-item --><\/ul>\r\n<!-- \/wp:list --><!-- wp:paragraph -->\r\n\r\nC\u00f3mo principio general, estas aplicaciones no comparten ni revelan informaci\u00f3n obtenida, excepto cuando haya sido autorizada por usted, o en los siguientes casos:\r\n\r\n<!-- \/wp:paragraph --><!-- wp:paragraph -->\r\n\r\na) Cuando le sea requerido por una autoridad competente y previo el cumplimiento del tr\u00e1mite legal correspondiente y\r\n\r\n<!-- \/wp:paragraph --><!-- wp:paragraph -->\r\n\r\nb) Cuando a juicio de esta aplicaci\u00f3n sea necesario para hacer cumplir las condiciones de uso y dem\u00e1s t\u00e9rminos de la aplicaci\u00f3n, o para salvaguardar la integridad de los dem\u00e1s usuarios o de la aplicaci\u00f3n.\r\n\r\n<!-- \/wp:paragraph --><!-- wp:paragraph -->\r\n\r\nDeber\u00e1 estar consciente de que si usted voluntariamente revela informaci\u00f3n personal en l\u00ednea en un \u00e1rea p\u00fablica, esa informaci\u00f3n puede ser recogida y usada por otros. Nosotros no controlamos las acciones de nuestros visitantes y usuarios.\r\n\r\n<!-- \/wp:paragraph --><!-- wp:paragraph -->\r\n\r\nTambi\u00e9n podemos utilizar la informaci\u00f3n que nos ha facilitado para que nos comuniquemos con usted de vez en cuando para ofrecerle informaci\u00f3n importante , noticias y promociones de marketing .\r\n\r\n<!-- \/wp:paragraph --><!-- wp:list -->\r\n<ul class=\"wp-block-list\"><!-- wp:list-item -->\r\n \t<li><strong>Informaci\u00f3n recopilada autom\u00e1ticamente<\/strong><\/li>\r\n<!-- \/wp:list-item --><\/ul>\r\n<!-- \/wp:list --><!-- wp:paragraph -->\r\n\r\nAdem\u00e1s, la aplicaci\u00f3n puede recopilar cierta informaci\u00f3n autom\u00e1ticamente, incluyendo, pero no limitado a el tipo de dispositivo m\u00f3vil que utilice, los dispositivos m\u00f3viles de identificaci\u00f3n \u00fanica del dispositivo, la direcci\u00f3n IP de su dispositivo m\u00f3vil, el sistema operativo m\u00f3vil, el tipo de m\u00f3vil navegadores de Internet que utiliza, y la informaci\u00f3n sobre el modo de usar la aplicaci\u00f3n.\r\n\r\n<!-- \/wp:paragraph --><!-- wp:paragraph -->\r\n\r\n<strong>\u00bfLa aplicaci\u00f3n recopila informaci\u00f3n de ubicaci\u00f3n precisa en tiempo real del dispositivo?<\/strong>\r\n\r\n<!-- \/wp:paragraph --><!-- wp:paragraph -->\r\n\r\nEsta aplicaci\u00f3n no recoge informaci\u00f3n precisa sobre la ubicaci\u00f3n de su dispositivo m\u00f3vil.\r\n\r\n<!-- \/wp:paragraph --><!-- wp:paragraph -->\r\n\r\n<strong>\u00bfLos terceros pueden ver y\/o tener acceso a la informaci\u00f3n obtenida por la aplicaci\u00f3n?<\/strong>\r\n\r\n<!-- \/wp:paragraph --><!-- wp:paragraph -->\r\n\r\nS\u00ed. Vamos a compartir su informaci\u00f3n con terceros s\u00f3lo en las formas que se describen en esta declaraci\u00f3n de privacidad y que por lo tanto hayan sido autorizadas por los usurios. Podemos revelar informaci\u00f3n que los usuarios proveen y se recaudan autom\u00e1ticamente por la aplicaci\u00f3n:\r\n\r\n<!-- \/wp:paragraph --><!-- wp:list -->\r\n<ul class=\"wp-block-list\"><!-- wp:list-item -->\r\n \t<li>Cuando creemos de buena fe que dicha divulgaci\u00f3n es necesaria para proteger nuestros derechos, la protecci\u00f3n de su seguridad o la seguridad de otros, investigar el fraude, o para responder a una solicitud del gobierno;<\/li>\r\n<!-- \/wp:list-item --><!-- wp:list-item -->\r\n \t<li>Con nuestros proveedores de servicios de confianza que trabajan en nuestro nombre, no tienen un uso independiente de la informaci\u00f3n que divulgamos a ellos, y han acordado adherirse a las reglas establecidas en esta declaraci\u00f3n de privacidad.<\/li>\r\n<!-- \/wp:list-item --><!-- wp:list-item -->\r\n \t<li>Si <strong>PLANET1009<\/strong>\u00a0est\u00e1 involucrada en una fusi\u00f3n, adquisici\u00f3n o venta de la totalidad o una parte de sus activos, se le notificar\u00e1 por correo electr\u00f3nico y\/o un aviso destacado en nuestro sitio Web de cualquier cambio en la propiedad o la utilizaci\u00f3n de esta informaci\u00f3n, as\u00ed como las opciones que usted puede tener con respecto a esta informaci\u00f3n.<\/li>\r\n<!-- \/wp:list-item --><!-- wp:list-item -->\r\n \t<li>A los anunciantes y redes publicitarias de terceros y las empresas de an\u00e1lisis como se describe en la siguiente secci\u00f3n.<\/li>\r\n<!-- \/wp:list-item --><\/ul>\r\n<!-- \/wp:list --><!-- wp:paragraph -->\r\n\r\n<strong>Recopilaci\u00f3n autom\u00e1tica de datos y publicidad<\/strong>\r\n\r\n<!-- \/wp:paragraph --><!-- wp:paragraph -->\r\n\r\nPodemos trabajar con las empresas de an\u00e1lisis para ayudar a entender c\u00f3mo se est\u00e1 utilizando la aplicaci\u00f3n, tales como la frecuencia y duraci\u00f3n de uso. Trabajamos con los anunciantes y redes publicitarias de terceros, que tienen que saber la forma de interactuar con la publicidad prevista en la solicitud que nos ayuda a mantener el costo de la aplicaci\u00f3n GRATIS. Los anunciantes y redes publicitarias usan parte de la informaci\u00f3n recopilada por la Aplicaci\u00f3n, incluyendo, pero no limitado a \u00e9l ID \u00fanico de identificaci\u00f3n de su dispositivo m\u00f3vil y su n\u00famero de tel\u00e9fono m\u00f3vil. Para proteger el anonimato de esta informaci\u00f3n, utilizamos una tecnolog\u00eda de encriptaci\u00f3n para asegurar que estos terceros no pueden identificar personalmente. Estas terceras partes tambi\u00e9n pueden obtener informaci\u00f3n an\u00f3nima acerca de otras aplicaciones que haya descargado en su dispositivo m\u00f3vil, los sitios web para m\u00f3viles que visita, la informaci\u00f3n de ubicaci\u00f3n no precisa (por ejemplo , el c\u00f3digo postal), y otra informaci\u00f3n de ubicaci\u00f3n no precisa con el fin de ayudar a analizar y servir la publicidad dirigida an\u00f3nima sobre la aplicaci\u00f3n y en otros lugares. Tambi\u00e9n podemos compartir versiones cifradas de la informaci\u00f3n que ha proporcionado a fin de que nuestros socios para anexar otra informaci\u00f3n disponible acerca de usted para el an\u00e1lisis o el uso relacionado con la publicidad.\r\n\r\n<!-- \/wp:paragraph --><!-- wp:paragraph -->\r\n\r\nSi desea darse de baja del uso de terceras partes de este tipo de informaci\u00f3n para ayudar a servir la publicidad dirigida, por favor visite la secci\u00f3n titulada \u00abOpt \u2013 out\u00bb a continuaci\u00f3n.\r\n\r\n<!-- \/wp:paragraph --><!-- wp:paragraph -->\r\n\r\n<strong>\u00bfCu\u00e1les son mis derechos Opt \u2013 out?<\/strong>\r\n\r\n<!-- \/wp:paragraph --><!-- wp:paragraph -->\r\n\r\nExisten m\u00faltiples opciones de Opt \u2013 out para los usuarios de esta aplicaci\u00f3n: Opt \u2013 out de toda la informaci\u00f3n recogida por la desinstalaci\u00f3n de la aplicaci\u00f3n: Puede detener toda la colecci\u00f3n de informaci\u00f3n por la aplicaci\u00f3n de forma sencilla mediante la desinstalaci\u00f3n de la aplicaci\u00f3n. Puede utilizar los procesos est\u00e1ndar de desinstalaci\u00f3n que disponibles como parte de su dispositivo m\u00f3vil o por el mercado de aplicaciones m\u00f3viles o la red. Tambi\u00e9n puede solicitar darse de baja a trav\u00e9s de correo electr\u00f3nico, en info@planet1009.net\r\n\r\n<!-- \/wp:paragraph --><!-- wp:paragraph -->\r\n\r\nOpt \u2013 out por el uso de la informaci\u00f3n para servir publicidad orientada por los anunciantes directos y\/o anunciantes de red de terceros: es posible que en cualquier realizar opt \u2013 out de los datos a los cu\u00e1les el usuario nos permite tener acceso a trav\u00e9s del \u00edcono configuraci\u00f3n ubicado en el borde superior derecho de cada aplicaci\u00f3n.\r\n\r\n<!-- \/wp:paragraph --><!-- wp:paragraph -->\r\n\r\n&nbsp;\r\n\r\n<!-- \/wp:paragraph --><!-- wp:paragraph -->\r\n\r\n<strong>Ni\u00f1os<\/strong>\r\n\r\n<!-- \/wp:paragraph --><!-- wp:paragraph -->\r\n\r\nNo utilizaremos la aplicaci\u00f3n para obtener datos a ni\u00f1os menores de 13 a\u00f1os. Si un padre o tutor tiene conocimiento de que su hijo nos ha proporcionado informaci\u00f3n sin su consentimiento, \u00e9l o ella debe ponerse en contacto con nosotros a info@planet1009.net. Vamos a eliminar dicha informaci\u00f3n de nuestros archivos dentro de un plazo razonable.\r\n\r\n<!-- \/wp:paragraph --><!-- wp:paragraph -->\r\n\r\n<strong>Seguridad<\/strong>\r\n\r\n<!-- \/wp:paragraph --><!-- wp:paragraph -->\r\n\r\nEstamos preocupados por salvaguardar la confidencialidad de su informaci\u00f3n. Proveemos salvaguardas f\u00edsicas, electr\u00f3nicas y de procedimiento para proteger la informaci\u00f3n que procesamos y mantener. Por ejemplo, limitamos el acceso a esta informaci\u00f3n a los empleados y contratistas autorizados que necesitan conocer dicha informaci\u00f3n para operar, desarrollar o mejorar nuestra aplicaci\u00f3n. Tenga en cuenta que, aunque nos esforzamos por proporcionar seguridad razonable de informaci\u00f3n que procesamos y mantenemos, ning\u00fan sistema de seguridad puede prevenir todas las brechas de seguridad potenciales.<!-- \/wp:paragraph -->","protected":false},"excerpt":{"rendered":"<p>Nuestra pol\u00edtica de privacidad se aplica al uso de las aplicaciones inform\u00e1ticas de [&hellip;]<\/p>\n","protected":false},"author":1,"featured_media":0,"parent":0,"menu_order":0,"comment_status":"closed","ping_status":"closed","template":"","meta":{"footnotes":""},"class_list":["post-12","page","type-page","status-publish","hentry"],"_links":{"self":[{"href":"https:\/\/planet1009.net\/web\/wp-json\/wp\/v2\/pages\/12","targetHints":{"allow":["GET"]}}],"collection":[{"href":"https:\/\/planet1009.net\/web\/wp-json\/wp\/v2\/pages"}],"about":[{"href":"https:\/\/planet1009.net\/web\/wp-json\/wp\/v2\/types\/page"}],"author":[{"embeddable":true,"href":"https:\/\/planet1009.net\/web\/wp-json\/wp\/v2\/users\/1"}],"replies":[{"embeddable":true,"href":"https:\/\/planet1009.net\/web\/wp-json\/wp\/v2\/comments?post=12"}],"version-history":[{"count":1,"href":"https:\/\/planet1009.net\/web\/wp-json\/wp\/v2\/pages\/12\/revisions"}],"predecessor-version":[{"id":13,"href":"https:\/\/planet1009.net\/web\/wp-json\/wp\/v2\/pages\/12\/revisions\/13"}],"wp:attachment":[{"href":"https:\/\/planet1009.net\/web\/wp-json\/wp\/v2\/media?parent=12"}],"curies":[{"name":"wp","href":"https:\/\/api.w.org\/{rel}","templated":true}]}}